{"id":731,"date":"2026-04-21T07:31:10","date_gmt":"2026-04-21T07:31:10","guid":{"rendered":"https:\/\/vatrogasci-medjimurja.eu\/?page_id=731"},"modified":"2026-04-21T07:34:19","modified_gmt":"2026-04-21T07:34:19","slug":"najave-dogadanja","status":"publish","type":"page","link":"https:\/\/vatrogasci-medjimurja.eu\/?page_id=731","title":{"rendered":"Najave doga\u0111anja"},"content":{"rendered":"<h2><strong>Natjecanja:<\/strong><\/h2>\n<ul>\n<li data-section-id=\"g6bckb\" data-start=\"1134\" data-end=\"1148\">00.00.2026. &#8211; \u017dupanijsko za mlade\u017e (doma\u0107in: ____)<\/li>\n<li data-section-id=\"1bupm08\" data-start=\"1149\" data-end=\"1163\">00.00.2026. &#8211; \u017dupanijsko za seniore (doma\u0107in: _____)<\/li>\n<\/ul>\n<h2><strong>Proslave godi\u0161njica:<\/strong><\/h2>\n<ul>\n<li data-section-id=\"g6bckb\" data-start=\"1134\" data-end=\"1148\">00.00.2026. &#8211; DVD \u010cehovec (95)<\/li>\n<li data-section-id=\"1bupm08\" data-start=\"1149\" data-end=\"1163\">00.00.2026. &#8211; DVD \u010cukovec (95)<\/li>\n<li data-section-id=\"2ozi2o\" data-start=\"1164\" data-end=\"1188\">00.00.2026. &#8211; DVD Donji Mihaljevec (100)<\/li>\n<li data-section-id=\"12poecd\" data-start=\"1189\" data-end=\"1211\">00.00.2026. &#8211; DVD Gornji Hra\u0161\u0107an (100)<\/li>\n<li data-section-id=\"58k1cs\" data-start=\"1212\" data-end=\"1228\">00.00.2026. &#8211; DVD Kur\u0161anec (100)<\/li>\n<li data-section-id=\"gvvuhg\" data-start=\"1229\" data-end=\"1249\">00.00.2026. &#8211; DVD Martinu\u0161evec (100)<\/li>\n<li data-section-id=\"r5xryy\" data-start=\"1250\" data-end=\"1267\">00.00.2026. &#8211; DVD Novakovec (100)<\/li>\n<li data-section-id=\"9ftmj\" data-start=\"1268\" data-end=\"1286\">27.06.2026. &#8211;\u00a0 DVD Pretetinec (100)<\/li>\n<li data-section-id=\"ntapw3\" data-start=\"1287\" data-end=\"1306\">00.00.2026. &#8211; DVD Pribislavec (105)<\/li>\n<li data-section-id=\"1rqs6x\" data-start=\"1307\" data-end=\"1321\">00.00.2026. &#8211; DVD Robadje (50)<\/li>\n<li data-section-id=\"d9h5ov\" data-start=\"1322\" data-end=\"1337\">00.00.2026. &#8211; DVD Slakovec (95)<\/li>\n<li data-section-id=\"179xxzl\" data-start=\"1338\" data-end=\"1358\">00.00.2026. &#8211; DVD Sveta Marija (100)<\/li>\n<li data-section-id=\"120n57k\" data-start=\"1359\" data-end=\"1377\">25.07.2026.\u00a0 &#8211; DVD Vrati\u0161inec (100)<\/li>\n<li data-section-id=\"wtgkou\" data-start=\"1378\" data-end=\"1401\">00.00.2026. &#8211; IDVD Ciglana \u0160enkovec (70)<\/li>\n<\/ul>\n","protected":false},"excerpt":{"rendered":"<p>Natjecanja: 00.00.2026. &#8211; \u017dupanijsko za mlade\u017e (doma\u0107in: ____) 00.00.2026. &#8211; \u017dupanijsko za seniore (doma\u0107in: _____) Proslave godi\u0161njica: 00.00.2026. &#8211; DVD \u010cehovec (95) 00.00.2026. &#8211; DVD \u010cukovec (95) 00.00.2026. &#8211; DVD Donji Mihaljevec (100) 00.00.2026. &#8211; DVD Gornji Hra\u0161\u0107an (100) 00.00.2026. &#8211; DVD Kur\u0161anec (100) 00.00.2026. &#8211; DVD Martinu\u0161evec (100) 00.00.2026. &#8211; DVD Novakovec (100) 27.06.2026. [&hellip;]<\/p>\n","protected":false},"author":1,"featured_media":0,"parent":0,"menu_order":0,"comment_status":"closed","ping_status":"closed","template":"","meta":{"footnotes":""},"class_list":["post-731","page","type-page","status-publish","hentry"],"_links":{"self":[{"href":"https:\/\/vatrogasci-medjimurja.eu\/index.php?rest_route=\/wp\/v2\/pages\/731","targetHints":{"allow":["GET"]}}],"collection":[{"href":"https:\/\/vatrogasci-medjimurja.eu\/index.php?rest_route=\/wp\/v2\/pages"}],"about":[{"href":"https:\/\/vatrogasci-medjimurja.eu\/index.php?rest_route=\/wp\/v2\/types\/page"}],"author":[{"embeddable":true,"href":"https:\/\/vatrogasci-medjimurja.eu\/index.php?rest_route=\/wp\/v2\/users\/1"}],"replies":[{"embeddable":true,"href":"https:\/\/vatrogasci-medjimurja.eu\/index.php?rest_route=%2Fwp%2Fv2%2Fcomments&post=731"}],"version-history":[{"count":1,"href":"https:\/\/vatrogasci-medjimurja.eu\/index.php?rest_route=\/wp\/v2\/pages\/731\/revisions"}],"predecessor-version":[{"id":735,"href":"https:\/\/vatrogasci-medjimurja.eu\/index.php?rest_route=\/wp\/v2\/pages\/731\/revisions\/735"}],"wp:attachment":[{"href":"https:\/\/vatrogasci-medjimurja.eu\/index.php?rest_route=%2Fwp%2Fv2%2Fmedia&parent=731"}],"curies":[{"name":"wp","href":"https:\/\/api.w.org\/{rel}","templated":true}]}}