{"id":536,"date":"2026-03-05T20:26:34","date_gmt":"2026-03-05T20:26:34","guid":{"rendered":"https:\/\/vatrogasci-medjimurja.eu\/?page_id=536"},"modified":"2026-03-05T20:34:01","modified_gmt":"2026-03-05T20:34:01","slug":"himne","status":"publish","type":"page","link":"https:\/\/vatrogasci-medjimurja.eu\/?page_id=536","title":{"rendered":"Himne"},"content":{"rendered":"<ul>\n<li><a href=\"https:\/\/hvz.gov.hr\/UserDocsImages\/\/Izdavastvo\/Promid%C5%BEbeni%20materijali\/\/Vatrogasna_himna.mp3\" target=\"_blank\" rel=\"noopener\">Vatrogasna himna (mp3) &gt;&gt;<\/a><\/li>\n<li><a href=\"https:\/\/hvz.gov.hr\/UserDocsImages\/\/Izdavastvo\/Promid%C5%BEbeni%20materijali\/\/himna%20RH.mp3\" target=\"_blank\" rel=\"noopener\">Himna Republike Hrvatske &gt;&gt;<\/a><\/li>\n<li><a href=\"https:\/\/hvz.gov.hr\/UserDocsImages\/\/Izdavastvo\/Promid%C5%BEbeni%20materijali\/\/Vatrogasna%20himna.pdf\" target=\"_blank\" rel=\"noopener\">Vatrogasna himna (NOTNI zapis) &gt;&gt;<\/a><\/li>\n<\/ul>\n<h2><\/h2>\n<p>&nbsp;<\/p>\n<h2 style=\"text-align: center;\"><strong>VATROGASNA HIMNA<\/strong><\/h2>\n<p style=\"font-weight: 400; text-align: center;\">Vatrogasci! Bra\u0107o mila<br \/>\nzapjevajmo u sav glas:<br \/>\nglasnica nam pjesma bila,<br \/>\nda smo \u010deta svim za spas.<\/p>\n<p style=\"font-weight: 400; text-align: center;\">Vatru gasi, brata spasi,<br \/>\nto je na\u0161eg dru\u0161tva zov,<br \/>\nkad se po\u017ear nam doglasi,<br \/>\neto nas na plamni krov.<\/p>\n<p style=\"font-weight: 400; text-align: center;\">\u0160to si \u010dovjek trudom ste\u010de<br \/>\nil&#8217; djedova mu je dar,<br \/>\nsve bit mo\u017ee kratke sre\u0107e<br \/>\nza \u010das postat ugljen \u017ear.<\/p>\n<p style=\"font-weight: 400; text-align: center;\">Tako nesta mnogo blaga<br \/>\ni zavlada jad i glad<br \/>\ntoga nema, bra\u0107o draga,<br \/>\ngdje juna\u010dki na\u0161 je rad.<\/p>\n<p style=\"font-weight: 400; text-align: center;\">Vatru gasi, brata spasi,<br \/>\nto je na\u0161eg dru\u0161tva zov,<br \/>\nsve ste\u0107 mo\u017ee ma suzdasi,<br \/>\nal&#8217; ne mo\u017ee \u017eivot nov.<\/p>\n<p style=\"font-weight: 400; text-align: center;\">Vatru gasi, brata spasi,<br \/>\nto je na\u0161eg dru\u0161tva zov,<br \/>\nto je dru\u0161tva zov!<\/p>\n<p style=\"font-weight: 400; text-align: center;\">Sdru\u017eismo se, hvala Bogu;<br \/>\nu vje\u0161ta\u010dkom radu\u00a0svom,<br \/>\nbratu otrt suzu mnogu,<br \/>\nspasit \u017eivot, spasit dom,<\/p>\n<p style=\"font-weight: 400; text-align: center;\">dizat blago domovini,<br \/>\n\u010dinit milom rodu glas,<br \/>\nu blizini i daljini po\u017ear gasit, evo nas.<\/p>\n<p style=\"font-weight: 400; text-align: center;\">Vatru gasi, brata spasi,<br \/>\nto je na\u0161eg dru\u0161tva zov!<\/p>\n<p style=\"font-weight: 400; text-align: center;\">Dizat blago domovini,<br \/>\n\u010dinit milom rodu glas,<br \/>\nu blizini i daljini po\u017ear gasit evo nas.<\/p>\n<p style=\"font-weight: 400; text-align: center;\"><em>(Gjuro Stjepan De\u017eeli\u0107, 1898.)<\/em><\/p>\n","protected":false},"excerpt":{"rendered":"<p>Vatrogasna himna (mp3) &gt;&gt; Himna Republike Hrvatske &gt;&gt; Vatrogasna himna (NOTNI zapis) &gt;&gt; &nbsp; VATROGASNA HIMNA Vatrogasci! Bra\u0107o mila zapjevajmo u sav glas: glasnica nam pjesma bila, da smo \u010deta svim za spas. Vatru gasi, brata spasi, to je na\u0161eg dru\u0161tva zov, kad se po\u017ear nam doglasi, eto nas na plamni krov. \u0160to si \u010dovjek [&hellip;]<\/p>\n","protected":false},"author":1,"featured_media":537,"parent":0,"menu_order":0,"comment_status":"closed","ping_status":"closed","template":"","meta":{"footnotes":""},"class_list":["post-536","page","type-page","status-publish","has-post-thumbnail","hentry"],"_links":{"self":[{"href":"https:\/\/vatrogasci-medjimurja.eu\/index.php?rest_route=\/wp\/v2\/pages\/536","targetHints":{"allow":["GET"]}}],"collection":[{"href":"https:\/\/vatrogasci-medjimurja.eu\/index.php?rest_route=\/wp\/v2\/pages"}],"about":[{"href":"https:\/\/vatrogasci-medjimurja.eu\/index.php?rest_route=\/wp\/v2\/types\/page"}],"author":[{"embeddable":true,"href":"https:\/\/vatrogasci-medjimurja.eu\/index.php?rest_route=\/wp\/v2\/users\/1"}],"replies":[{"embeddable":true,"href":"https:\/\/vatrogasci-medjimurja.eu\/index.php?rest_route=%2Fwp%2Fv2%2Fcomments&post=536"}],"version-history":[{"count":5,"href":"https:\/\/vatrogasci-medjimurja.eu\/index.php?rest_route=\/wp\/v2\/pages\/536\/revisions"}],"predecessor-version":[{"id":544,"href":"https:\/\/vatrogasci-medjimurja.eu\/index.php?rest_route=\/wp\/v2\/pages\/536\/revisions\/544"}],"wp:featuredmedia":[{"embeddable":true,"href":"https:\/\/vatrogasci-medjimurja.eu\/index.php?rest_route=\/wp\/v2\/media\/537"}],"wp:attachment":[{"href":"https:\/\/vatrogasci-medjimurja.eu\/index.php?rest_route=%2Fwp%2Fv2%2Fmedia&parent=536"}],"curies":[{"name":"wp","href":"https:\/\/api.w.org\/{rel}","templated":true}]}}