{"id":122,"date":"2026-01-29T17:02:34","date_gmt":"2026-01-29T17:02:34","guid":{"rendered":"https:\/\/vatrogasci-medjimurja.eu\/?page_id=122"},"modified":"2026-03-04T20:16:48","modified_gmt":"2026-03-04T20:16:48","slug":"obrasci","status":"publish","type":"page","link":"https:\/\/vatrogasci-medjimurja.eu\/?page_id=122","title":{"rendered":"Obrasci"},"content":{"rendered":"<h3>Obrasci:<\/h3>\n<ul class=\"istaknuto\">\n<li style=\"list-style-type: none;\">\n<ul class=\"istaknuto\">\n<li>Registar udruga Me\u0111imurska \u017eupanija &#8211; <a href=\"https:\/\/medjimurska-zupanija.hr\/udruge-gradana\/\" target=\"_blank\" rel=\"noopener\">poveznica<\/a><\/li>\n<li>Registar udruga RH &#8211;\u00a0<a class=\"outlink\" href=\"https:\/\/uprava.gov.hr\/registar-udruga\/826\" target=\"_blank\" rel=\"noopener\">poveznica<\/a><\/li>\n<li>Registar neprofitnih organizacija RH &#8211;\u00a0<a class=\"outlink\" href=\"https:\/\/mfin.gov.hr\/istaknute-teme\/neprofitne-organizacije\/registar-neprofitnih-organizacija\/118\" target=\"_blank\" rel=\"noopener\">poveznica<\/a><\/li>\n<\/ul>\n<\/li>\n<\/ul>\n<h3><strong>Vatrogasna natjecanja:<\/strong><\/h3>\n<ul class=\"istaknuto\">\n<li style=\"list-style-type: none;\">\n<ul class=\"istaknuto\">\n<li><a href=\"https:\/\/hvz.gov.hr\/UserDocsImages\/dokumenti\/Natejcanja\/Priru%C4%8Dnik%20za%20natjecanja%20vatrogasaca%20u%20Republici%20Hrvatskoj.pdf\" target=\"_blank\" rel=\"noopener\">Priru\u010dnik za vatrogasna natjecanja (2018.) &gt;&gt;<\/a><\/li>\n<li>Popis natjecatelja seniori<\/li>\n<li>Popis natjecatelja mlade\u017e<\/li>\n<li>Popis natjecatelja djeca<\/li>\n<\/ul>\n<\/li>\n<\/ul>\n<h3><strong>Stru\u010dni ispit za vatrogasca s posebnim ovlastima i odgovornostima:<\/strong><\/h3>\n<ul>\n<li style=\"list-style-type: none;\">\n<ul class=\"istaknuto\">\n<li><a href=\"https:\/\/hvz.gov.hr\/UserDocsImages\/\/dokumenti\/Stru%C4%8Dni%20ispit\/\/Naputak%20za%20prijavljivanje%20kandidata%20HVZ%203.doc\" target=\"_blank\" rel=\"noopener\">Naputak za prijavljivanje kandidata<\/a><\/li>\n<li><a href=\"https:\/\/hvz.gov.hr\/UserDocsImages\/\/dokumenti\/Stru%C4%8Dni%20ispit\/\/Prijavnica%20za%20ispit.docx\" target=\"_blank\" rel=\"noopener\">Prijavnica za stru\u010dni ispit<\/a><\/li>\n<li><a href=\"https:\/\/hvz.gov.hr\/UserDocsImages\/\/dokumenti\/Stru%C4%8Dni%20ispit\/\/LITERATURA%20za%20polaganje%20strucnog%20ispita.pdf\" target=\"_blank\" rel=\"noopener\">Literatura za polaganje stru\u010dnog ispita<\/a><\/li>\n<li><a href=\"https:\/\/hvz.gov.hr\/UserDocsImages\/\/dokumenti\/Stru%C4%8Dni%20ispit\/\/Simboli%20u%20vatrogastvu%20i%20ZOP.PDF\" target=\"_blank\" rel=\"noopener\">Simboli u vatrogastvu i ZOP<\/a><\/li>\n<\/ul>\n<\/li>\n<\/ul>\n<h3><strong>Standardni operativni postupci:<\/strong><\/h3>\n<ul>\n<li>Tehni\u010dke intervencije na vodi i pod vodom &#8211;\u00a0<a href=\"https:\/\/hvz.gov.hr\/UserDocsImages\/dokumenti\/Propisi\/SOP_na%20vodi%20i%20pod%20vodom.pdf\" target=\"_blank\" rel=\"noopener\" data-fileid=\"28044\">potpisani dokument<\/a><\/li>\n<\/ul>\n","protected":false},"excerpt":{"rendered":"<p>Obrasci: Registar udruga Me\u0111imurska \u017eupanija &#8211; poveznica Registar udruga RH &#8211;\u00a0poveznica Registar neprofitnih organizacija RH &#8211;\u00a0poveznica Vatrogasna natjecanja: Priru\u010dnik za vatrogasna natjecanja (2018.) &gt;&gt; Popis natjecatelja seniori Popis natjecatelja mlade\u017e Popis natjecatelja djeca Stru\u010dni ispit za vatrogasca s posebnim ovlastima i odgovornostima: Naputak za prijavljivanje kandidata Prijavnica za stru\u010dni ispit Literatura za polaganje stru\u010dnog ispita [&hellip;]<\/p>\n","protected":false},"author":1,"featured_media":526,"parent":0,"menu_order":0,"comment_status":"closed","ping_status":"closed","template":"","meta":{"footnotes":""},"class_list":["post-122","page","type-page","status-publish","has-post-thumbnail","hentry"],"_links":{"self":[{"href":"https:\/\/vatrogasci-medjimurja.eu\/index.php?rest_route=\/wp\/v2\/pages\/122","targetHints":{"allow":["GET"]}}],"collection":[{"href":"https:\/\/vatrogasci-medjimurja.eu\/index.php?rest_route=\/wp\/v2\/pages"}],"about":[{"href":"https:\/\/vatrogasci-medjimurja.eu\/index.php?rest_route=\/wp\/v2\/types\/page"}],"author":[{"embeddable":true,"href":"https:\/\/vatrogasci-medjimurja.eu\/index.php?rest_route=\/wp\/v2\/users\/1"}],"replies":[{"embeddable":true,"href":"https:\/\/vatrogasci-medjimurja.eu\/index.php?rest_route=%2Fwp%2Fv2%2Fcomments&post=122"}],"version-history":[{"count":10,"href":"https:\/\/vatrogasci-medjimurja.eu\/index.php?rest_route=\/wp\/v2\/pages\/122\/revisions"}],"predecessor-version":[{"id":535,"href":"https:\/\/vatrogasci-medjimurja.eu\/index.php?rest_route=\/wp\/v2\/pages\/122\/revisions\/535"}],"wp:featuredmedia":[{"embeddable":true,"href":"https:\/\/vatrogasci-medjimurja.eu\/index.php?rest_route=\/wp\/v2\/media\/526"}],"wp:attachment":[{"href":"https:\/\/vatrogasci-medjimurja.eu\/index.php?rest_route=%2Fwp%2Fv2%2Fmedia&parent=122"}],"curies":[{"name":"wp","href":"https:\/\/api.w.org\/{rel}","templated":true}]}}