{"id":121,"date":"2026-01-29T17:02:34","date_gmt":"2026-01-29T17:02:34","guid":{"rendered":"https:\/\/vatrogasci-medjimurja.eu\/?page_id=121"},"modified":"2026-03-04T19:23:17","modified_gmt":"2026-03-04T19:23:17","slug":"pravilnici","status":"publish","type":"page","link":"https:\/\/vatrogasci-medjimurja.eu\/?page_id=121","title":{"rendered":"Pravilnici"},"content":{"rendered":"<p><strong>Pravilnici doneseni temeljem Zakona o vatrogastvu (NN 125\/19 i 114\/22)<\/strong><\/p>\n<ul class=\"istaknuto\">\n<li>Pravilnik o vatrogasnim zvanjima &#8211;\u00a0<a class=\"outlink\" href=\"https:\/\/narodne-novine.nn.hr\/clanci\/sluzbeni\/2026_03_21_241.html\" target=\"_blank\" rel=\"noopener\">NN 21\/2026<\/a><\/li>\n<li>Pravilnik o programu i na\u010dinu temeljnog osposobljavanja dobrovoljnih vatrogasca &#8211;\u00a0<a class=\"outlink\" href=\"https:\/\/narodne-novine.nn.hr\/clanci\/sluzbeni\/2025_01_12_102.html\" target=\"_blank\" rel=\"noopener\">NN 12\/2025<\/a><\/li>\n<li>Uredba o visini dodataka na osnovni koeficijent za radna mjesta profesionalnih vatrogasaca &#8211;\u00a0<a class=\"outlink\" href=\"https:\/\/narodne-novine.nn.hr\/clanci\/sluzbeni\/2024_08_92_1694.html\" target=\"_blank\" rel=\"noopener\">NN 92\/2024<\/a><\/li>\n<li>Pravilnik o uvjetima za stjecanje vatrogasnih zvanja, oznake vatrogasnih zvanja, funkcionalne oznake radnog mjesta, promaknu\u0107a i napredovanje kroz vatrogasna zvanja, uvjeti i na\u010din prevo\u0111enja ste\u010denih vatrogasnih zvanja u nova vatrogasna zvanja &#8211;\u00a0<a class=\"outlink\" href=\"https:\/\/narodne-novine.nn.hr\/clanci\/sluzbeni\/2024_07_89_1549.html\" target=\"_blank\" rel=\"noopener\">NN 89\/2024<\/a><\/li>\n<li>Pravilnik o mjerilima za ustroj i razvrstavanje vatrogasnih postrojbi, kriteriji za odre\u0111ivanje broja i vrste vatrogasnih postrojbi na podru\u010dju jedinice lokalne samouprave te njihovo operativno djelovanje na podru\u010dju za koje su osnovane &#8211;\u00a0<a class=\"outlink\" href=\"https:\/\/narodne-novine.nn.hr\/clanci\/sluzbeni\/2024_07_86_1516.html\" target=\"_blank\" rel=\"noopener\">NN 86\/2024<\/a><\/li>\n<li>Pravilnik o klasifikaciji postrojbi i koeficijentima slo\u017eenosti poslova te radnih mjesta i mjerila za utvr\u0111ivanje radnih mjesta vatrogasaca &#8211;\u00a0<a class=\"outlink\" href=\"https:\/\/narodne-novine.nn.hr\/clanci\/sluzbeni\/2024_07_85_1484.html\" target=\"_blank\" rel=\"noopener\">NN 85\/2024<\/a><\/li>\n<li>Pravilnik o psihosocijalnoj za\u0161titi, mjerilima i na\u010dinu postupanja u pru\u017eanju pomo\u0107i vatrogascima &#8211;\u00a0<a class=\"outlink\" href=\"https:\/\/narodne-novine.nn.hr\/clanci\/sluzbeni\/2023_08_100_1467.html\" target=\"_blank\" rel=\"noopener\">NN 100\/2023<\/a><\/li>\n<li>Pravilnik o klasifikaciji radnih mjesta profesionalnih vatrogasaca, mjerilima za njihovo utvr\u0111ivanje i koeficijentima slo\u017eenosti poslova &#8211;\u00a0<a class=\"outlink\" href=\"https:\/\/narodne-novine.nn.hr\/clanci\/sluzbeni\/2023_04_46_800.html\" target=\"_blank\" rel=\"noopener\">NN 46\/2023<\/a><\/li>\n<li>Pravilnik o programu i na\u010dinu polaganja stru\u010dnog ispita za vatrogasce s posebnim ovlastima i odgovornostima &#8211;\u00a0<a class=\"outlink\" href=\"https:\/\/narodne-novine.nn.hr\/clanci\/sluzbeni\/2020_10_110_2170.html\" target=\"_blank\" rel=\"noopener\">NN 110\/2020<\/a><\/li>\n<li>Pravilnik o podacima koje mora sadr\u017eavati izvje\u0161\u0107e inspektora vatrogastva o doga\u0111aju koji je prouzro\u010dio smrt radnika &#8211;\u00a0<a class=\"outlink\" href=\"https:\/\/narodne-novine.nn.hr\/clanci\/sluzbeni\/2020_10_111_2195.html\" target=\"_blank\" rel=\"noopener\">NN 111\/2020<\/a><\/li>\n<li>Pravilnik o minimalnoj radnoj i za\u0161titnoj opremi, odje\u0107i i obu\u0107i inspektora vatrogastva &#8211;\u00a0<a class=\"outlink\" href=\"https:\/\/narodne-novine.nn.hr\/clanci\/sluzbeni\/2020_10_111_2196.html\" target=\"_blank\" rel=\"noopener\">NN 111\/2020<\/a><\/li>\n<li>Pravilnik o sadr\u017eaju, obliku i na\u010dinu vo\u0111enja o\u010devidnika o inspekcijskim nadzorima i poduzetim mjerama inspektora vatrogastva Hrvatske vatrogasne zajednice &#8211;\u00a0<a class=\"outlink\" href=\"https:\/\/narodne-novine.nn.hr\/clanci\/sluzbeni\/2020_10_111_2197.html\" target=\"_blank\" rel=\"noopener\">NN 111\/2020<\/a><\/li>\n<li>Pravilnik o obliku i sadr\u017eaju slu\u017ebene zna\u010dke i slu\u017ebene iskaznice inspektora vatrogastva, na\u010dinu izdavanja, uporabi i vo\u0111enju zapisnika o izdanim slu\u017ebenim iskaznicama &#8211;\u00a0<a class=\"outlink\" href=\"https:\/\/narodne-novine.nn.hr\/clanci\/sluzbeni\/2020_09_104_1950.html\" target=\"_blank\" rel=\"noopener\">NN 104\/2020<\/a><\/li>\n<li>Pravilnik o vatrogasnoj tehnici &#8211;\u00a0<a class=\"outlink\" href=\"https:\/\/narodne-novine.nn.hr\/clanci\/sluzbeni\/2021_01_5_113.html\" target=\"_blank\" rel=\"noopener\">NN 5\/2021<\/a><\/li>\n<li>Pravilnik o postupku izbora \u017eupanijskog vatrogasnog zapovjednika i zamjenika \u017eupanijskog vatrogasnog zapovjednika odnosno vatrogasnog zapovjednika Grada Zagreba &#8211; <a class=\"outlink\" href=\"https:\/\/narodne-novine.nn.hr\/clanci\/sluzbeni\/2021_03_27_592.html\" target=\"_blank\" rel=\"noopener\">NN 27\/2021<\/a><\/li>\n<li>Ispravak Pravilnika o postupku izbora \u017eupanijskog vatrogasnog zapovjednika i zamjenika \u017eupanijskog vatrogasnog zapovjednika odnosno vatrogasnog zapovjednika Grada Zagreba &#8211;\u00a0<a class=\"outlink\" href=\"https:\/\/narodne-novine.nn.hr\/clanci\/sluzbeni\/2021_03_30_664.html\" target=\"_blank\" rel=\"noopener\">NN 30\/2021<\/a><\/li>\n<li>Pravilnik o postupku izbora gradskog, podru\u010dnog odnosno op\u0107inskog vatrogasnog zapovjednika i zamjenika gradskog, podru\u010dnog odnosno op\u0107inskog vatrogasnog zapovjednika &#8211;\u00a0<a class=\"outlink\" href=\"https:\/\/narodne-novine.nn.hr\/clanci\/sluzbeni\/2021_04_39_785.html\" target=\"_blank\" rel=\"noopener\">NN 39\/2021<\/a><\/li>\n<li>Cjenik vatrogasnih intervencija &#8211;\u00a0<a class=\"outlink\" href=\"https:\/\/narodne-novine.nn.hr\/clanci\/sluzbeni\/2021_07_74_1391.html\" target=\"_blank\" rel=\"noopener\">NN 74\/2021<\/a><\/li>\n<li>Izmjene Cjenika vatrogasnih intervencija &#8211;\u00a0<a class=\"outlink\" href=\"https:\/\/narodne-novine.nn.hr\/clanci\/sluzbeni\/2022_12_156_2547.html\">NN 156\/2022<\/a><\/li>\n<li id=\"ishvz-osobni-podaci\">Pravilnik o sadr\u017eaju osobnih podataka, svrsi prikupljanja, roku \u010duvanja evidencije i na\u010dinu ovla\u0161\u0107ivanja za kori\u0161tenje podataka dobrovoljnih i profesionalnih vatrogasaca u ra\u010dunalnim aplikacijama Hrvatske vatrogasne zajednice &#8211;\u00a0<a class=\"outlink\" href=\"https:\/\/narodne-novine.nn.hr\/clanci\/sluzbeni\/2021_07_80_1494.html\" target=\"_blank\" rel=\"noopener\">NN 80\/2021<\/a><\/li>\n<li id=\"ishvz-podrucje-primjene\">Podru\u010dje primjene i kori\u0161tenje informacijskog sustava Hrvatske vatrogasne zajednice, prava, du\u017enosti i odgovornosti korisnika te sadr\u017eaj i za\u0161tita osobnih podataka &#8211;\u00a0<u><a href=\"https:\/\/hvz.gov.hr\/UserDocsImages\/Informatizacija\/Podru%C4%8Dje%20primjene%20i%20kori%C5%A1tenje%20informacijskog%20sustava%20Hrvatske%20vatrogasne%20zajednice%2C%20prava%2C%20du%C5%BEnosti%20i%20odgovornosti%20korisnika%20te%20sadr%C5%BEaj%20i%20za%C5%A1tita%20osobnih%20podataka%20(NN%2080%202021).pdf\" target=\"_blank\" rel=\"noopener\" data-fileid=\"23632\">potpisani dokument (\u010ditljivo poglavlje VI.)<\/a><\/u>\u00a0ili\u00a0<a class=\"outlink\" href=\"https:\/\/narodne-novine.nn.hr\/clanci\/sluzbeni\/2021_07_80_1495.html\" target=\"_blank\" rel=\"noopener\">NN 80\/2021<\/a><\/li>\n<li>Program i na\u010din provedbe teorijske nastave i prakti\u010dnih vje\u017ebi u vatrogasnim postrojbama &#8211;\u00a0<a class=\"outlink\" href=\"https:\/\/narodne-novine.nn.hr\/clanci\/sluzbeni\/2020_10_115_2255.html\" target=\"_blank\" rel=\"noopener\">NN 115\/2020<\/a><\/li>\n<li>Pravilnik o standardnim operativnim postupcima &#8211;\u00a0<a class=\"outlink\" href=\"https:\/\/narodne-novine.nn.hr\/clanci\/sluzbeni\/2022_04_44_552.html\" target=\"_blank\" rel=\"noopener\">NN 44\/2022<\/a><\/li>\n<li>Pravilnik o kriterijima za priznavanje prava na dodatno osiguranje dobrovoljnih vatrogasaca &#8211;\u00a0<a class=\"outlink\" href=\"https:\/\/narodne-novine.nn.hr\/clanci\/sluzbeni\/2023_01_7_110.html\" target=\"_blank\" rel=\"noopener\">NN 7\/2023<\/a><\/li>\n<li>Pravilnik o sadr\u017eaju, vrstama i na\u010dinu provo\u0111enja stru\u010dnog nadzora<a class=\"outlink\" href=\"https:\/\/narodne-novine.nn.hr\/clanci\/sluzbeni\/2023_01_3_44.html\" target=\"_blank\" rel=\"noopener\">\u00a0NN 3\/2023<\/a><\/li>\n<li>Naputak temeljem Naputak Hrvatske vatrogasne zajednice klasa: 011-02\/22-03\/03, urbroj: 444-01-22-1 od 8. studenoga 2022. &#8211;\u00a0<a class=\"outlink\" href=\"https:\/\/narodne-novine.nn.hr\/clanci\/sluzbeni\/2022_12_154_2424.html\" target=\"_blank\" rel=\"noopener\">NN 154\/2022<\/a><\/li>\n<li>Uredba o osnivanju Dr\u017eavne vatrogasne \u0161kole &#8211;\u00a0<a class=\"outlink\" href=\"https:\/\/narodne-novine.nn.hr\/clanci\/sluzbeni\/2020_10_107_2008.html\" target=\"_blank\" rel=\"noopener\">NN 107\/2020<\/a><\/li>\n<li>Program osposobljavanja i provjere operativne sposobnosti vatrogasnih spasila\u010dkih timova sa psima &#8211;\u00a0<a href=\"https:\/\/hvz.gov.hr\/UserDocsImages\/dokumenti\/Propisi\/Program%20osposobljavanja%20i%20provjere%20operativne%20sposobnosti%20vatrogasnih%20spasila%C4%8Dkih%20timova%20sa%20psima.pdf\" target=\"_blank\" rel=\"noopener\" data-fileid=\"28082\">preuzmi<\/a><\/li>\n<\/ul>\n<p><strong>Pravilnici doneseni temeljem Zakona o za\u0161titi od po\u017eara (NN 92\/10 i 114\/22)<\/strong><\/p>\n<ul class=\"istaknuto\">\n<li>Pravilnik o razvrstavanju gra\u0111evina, gra\u0111evinskih dijelova i prostora u kategorije ugro\u017eenosti od po\u017eara &#8211;\u00a0<a class=\"outlink\" href=\"https:\/\/narodne-novine.nn.hr\/clanci\/sluzbeni\/1994_08_62_1114.html\" target=\"_blank\" rel=\"noopener\">NN 62\/94<\/a><\/li>\n<li>Pravilnik o izmjenama Pravilnika o razvrstavanju gra\u0111evina, gra\u0111evinskih dijelova i prostora u kategorije ugro\u017eenosti od po\u017eara &#8211;\u00a0<a class=\"outlink\" href=\"https:\/\/narodne-novine.nn.hr\/clanci\/sluzbeni\/1997_03_32_467.html\" target=\"_blank\" rel=\"noopener\">NN 32\/97<\/a><\/li>\n<li>Pravilnik o zapaljivim teku\u0107inama &#8211;\u00a0<a class=\"outlink\" href=\"https:\/\/narodne-novine.nn.hr\/clanci\/sluzbeni\/1999_05_54_1028.html\" target=\"_blank\" rel=\"noopener\">NN 54\/99<\/a><\/li>\n<\/ul>\n<p><strong>Pravilnici doneseni temeljem Zakona o prora\u010dunu (NN 144\/21)<\/strong><\/p>\n<ul class=\"istaknuto\">\n<li>Pravilnik o mjerilima i na\u010dinu kori\u0161tenja nenamjenskih donacija i vlastitih prihoda &#8211;\u00a0<a class=\"outlink\" href=\"https:\/\/narodne-novine.nn.hr\/clanci\/sluzbeni\/2024_05_63_1110.html\" target=\"_blank\" rel=\"noopener\">NN 63\/2024<\/a><\/li>\n<\/ul>\n","protected":false},"excerpt":{"rendered":"<p>Pravilnici doneseni temeljem Zakona o vatrogastvu (NN 125\/19 i 114\/22) Pravilnik o vatrogasnim zvanjima &#8211;\u00a0NN 21\/2026 Pravilnik o programu i na\u010dinu temeljnog osposobljavanja dobrovoljnih vatrogasca &#8211;\u00a0NN 12\/2025 Uredba o visini dodataka na osnovni koeficijent za radna mjesta profesionalnih vatrogasaca &#8211;\u00a0NN 92\/2024 Pravilnik o uvjetima za stjecanje vatrogasnih zvanja, oznake vatrogasnih zvanja, funkcionalne oznake radnog mjesta, [&hellip;]<\/p>\n","protected":false},"author":1,"featured_media":522,"parent":0,"menu_order":0,"comment_status":"closed","ping_status":"closed","template":"","meta":{"footnotes":""},"class_list":["post-121","page","type-page","status-publish","has-post-thumbnail","hentry"],"_links":{"self":[{"href":"https:\/\/vatrogasci-medjimurja.eu\/index.php?rest_route=\/wp\/v2\/pages\/121","targetHints":{"allow":["GET"]}}],"collection":[{"href":"https:\/\/vatrogasci-medjimurja.eu\/index.php?rest_route=\/wp\/v2\/pages"}],"about":[{"href":"https:\/\/vatrogasci-medjimurja.eu\/index.php?rest_route=\/wp\/v2\/types\/page"}],"author":[{"embeddable":true,"href":"https:\/\/vatrogasci-medjimurja.eu\/index.php?rest_route=\/wp\/v2\/users\/1"}],"replies":[{"embeddable":true,"href":"https:\/\/vatrogasci-medjimurja.eu\/index.php?rest_route=%2Fwp%2Fv2%2Fcomments&post=121"}],"version-history":[{"count":4,"href":"https:\/\/vatrogasci-medjimurja.eu\/index.php?rest_route=\/wp\/v2\/pages\/121\/revisions"}],"predecessor-version":[{"id":525,"href":"https:\/\/vatrogasci-medjimurja.eu\/index.php?rest_route=\/wp\/v2\/pages\/121\/revisions\/525"}],"wp:featuredmedia":[{"embeddable":true,"href":"https:\/\/vatrogasci-medjimurja.eu\/index.php?rest_route=\/wp\/v2\/media\/522"}],"wp:attachment":[{"href":"https:\/\/vatrogasci-medjimurja.eu\/index.php?rest_route=%2Fwp%2Fv2%2Fmedia&parent=121"}],"curies":[{"name":"wp","href":"https:\/\/api.w.org\/{rel}","templated":true}]}}