{"id":120,"date":"2026-01-29T17:02:33","date_gmt":"2026-01-29T17:02:33","guid":{"rendered":"https:\/\/vatrogasci-medjimurja.eu\/?page_id=120"},"modified":"2026-03-04T19:23:41","modified_gmt":"2026-03-04T19:23:41","slug":"zakoni","status":"publish","type":"page","link":"https:\/\/vatrogasci-medjimurja.eu\/?page_id=120","title":{"rendered":"Zakoni"},"content":{"rendered":"<blockquote>\n<ul>\n<li><a href=\"https:\/\/www.zakon.hr\/z\/305\/zakon-o-vatrogastvu\" target=\"_blank\" rel=\"noopener\"><strong>Zakon o vatrogastvu<\/strong> (NN 125\/19, 114\/22, 155\/23) na snazi od 01.01.2024. &gt;&gt;<\/a><\/li>\n<li><a href=\"https:\/\/narodne-novine.nn.hr\/clanci\/sluzbeni\/2010_07_92_2588.html\" target=\"_blank\" rel=\"noopener\">Zakon o za\u0161titi od po\u017eara (NN 92\/2010) na snazi od 01.10.2010. &gt;&gt;<\/a><\/li>\n<li>Zakon o \u0161umama &#8211;\u00a0<a class=\"outlink\" href=\"https:\/\/narodne-novine.nn.hr\/clanci\/sluzbeni\/2018_07_68_1392.html\" target=\"_blank\" rel=\"noopener\">NN 68\/18<\/a>,\u00a0<a class=\"outlink\" href=\"https:\/\/narodne-novine.nn.hr\/clanci\/sluzbeni\/full\/2018_12_115_2249.html\" target=\"_blank\" rel=\"noopener\">NN 115\/18<\/a>,\u00a0<a class=\"outlink\" href=\"https:\/\/narodne-novine.nn.hr\/clanci\/sluzbeni\/2019_10_98_1953.html\" target=\"_blank\" rel=\"noopener\">NN 98\/19<\/a>,\u00a0<a class=\"outlink\" href=\"https:\/\/narodne-novine.nn.hr\/clanci\/sluzbeni\/2020_03_32_702.html\" target=\"_blank\" rel=\"noopener\">NN 32\/20<\/a><\/li>\n<li>Zakon o sustavu civilne za\u0161tite &#8211;\u00a0<a class=\"outlink\" href=\"https:\/\/narodne-novine.nn.hr\/clanci\/sluzbeni\/2015_07_82_1567.html\" target=\"_blank\" rel=\"noopener\">NN 82\/15<\/a>,\u00a0<a class=\"outlink\" href=\"https:\/\/narodne-novine.nn.hr\/clanci\/sluzbeni\/2018_12_118_2351.html\" target=\"_blank\" rel=\"noopener\">NN 118\/18<\/a>,\u00a0<a class=\"outlink\" href=\"https:\/\/narodne-novine.nn.hr\/clanci\/sluzbeni\/2020_03_31_673.html\" target=\"_blank\" rel=\"noopener\">NN 32\/20<\/a><\/li>\n<li>Zakon o ubla\u017eavanju i uklanjanju posljedica prirodnih nepogoda &#8211;\u00a0<a class=\"outlink\" href=\"https:\/\/narodne-novine.nn.hr\/clanci\/sluzbeni\/2019_02_16_314.html\" target=\"_blank\" rel=\"noopener\">NN 16\/19<\/a><\/li>\n<li>Zakon o eksplozivnim tvarima te proizvodnji i prometu oru\u017eja &#8211;\u00a0<a class=\"outlink\" href=\"https:\/\/narodne-novine.nn.hr\/clanci\/sluzbeni\/2017_07_70_1657.html\" target=\"_blank\" rel=\"noopener\">NN 70\/17<\/a><\/li>\n<li>Zakon o zapaljivim teku\u0107inama i plinovima &#8211;\u00a0<a class=\"outlink\" href=\"https:\/\/narodne-novine.nn.hr\/clanci\/sluzbeni\/1995_12_108_1778.html\" target=\"_blank\" rel=\"noopener\">NN 108\/95<\/a>,\u00a0<a class=\"outlink\" href=\"https:\/\/narodne-novine.nn.hr\/clanci\/sluzbeni\/full\/2010_05_56_1345.html\" target=\"_blank\" rel=\"noopener\">NN 56\/10<\/a><\/li>\n<li>Zakon o prijevozu opasnih tvari &#8211;\u00a0<a class=\"outlink\" href=\"https:\/\/narodne-novine.nn.hr\/clanci\/sluzbeni\/2007_07_79_2480.html\" target=\"_blank\" rel=\"noopener\">NN 79\/07<\/a><\/li>\n<li>Zakon o humanitarnom razminiranju &#8211;\u00a0<a class=\"outlink\" href=\"https:\/\/narodne-novine.nn.hr\/clanci\/sluzbeni\/2005_12_153_2964.html\" target=\"_blank\" rel=\"noopener\">NN 153\/05<\/a>,\u00a0<a class=\"outlink\" href=\"https:\/\/narodne-novine.nn.hr\/clanci\/sluzbeni\/2007_06_63_1959.html\" target=\"_blank\" rel=\"noopener\">NN 63\/07<\/a>,\u00a0<a class=\"outlink\" href=\"https:\/\/narodne-novine.nn.hr\/clanci\/sluzbeni\/2008_12_152_4154.html\" target=\"_blank\" rel=\"noopener\">NN 152\/08<\/a><\/li>\n<li>Zakon o udrugama &#8211;\u00a0<a class=\"outlink\" href=\"https:\/\/narodne-novine.nn.hr\/clanci\/sluzbeni\/2014_06_74_1390.html\" target=\"_blank\" rel=\"noopener\">NN 74\/14<\/a>,\u00a0<a class=\"outlink\" href=\"https:\/\/narodne-novine.nn.hr\/clanci\/sluzbeni\/2017_07_70_1665.html\" target=\"_blank\" rel=\"noopener\">NN 70\/17<\/a>,\u00a0<a class=\"outlink\" href=\"https:\/\/narodne-novine.nn.hr\/clanci\/sluzbeni\/2019_10_98_1932.html\" target=\"_blank\" rel=\"noopener\">NN 98\/19<\/a><\/li>\n<li>Zakon o ustanovama &#8211;\u00a0<a class=\"outlink\" href=\"https:\/\/narodne-novine.nn.hr\/clanci\/sluzbeni\/1993_08_76_1548.html\" target=\"_blank\" rel=\"noopener\">NN 76\/93<\/a>,\u00a0<a class=\"outlink\" href=\"https:\/\/narodne-novine.nn.hr\/clanci\/sluzbeni\/1997_03_29_427.html\" target=\"_blank\" rel=\"noopener\">NN 29\/97<\/a>,\u00a0<a class=\"outlink\" href=\"https:\/\/narodne-novine.nn.hr\/clanci\/sluzbeni\/1999_05_47_924.html\" target=\"_blank\" rel=\"noopener\">NN 47\/99<\/a>,\u00a0<a class=\"outlink\" href=\"https:\/\/narodne-novine.nn.hr\/clanci\/sluzbeni\/2008_03_35_1142.html\" target=\"_blank\" rel=\"noopener\">NN 35\/08<\/a>,\u00a0<a class=\"outlink\" href=\"https:\/\/narodne-novine.nn.hr\/clanci\/sluzbeni\/2019_12_127_2562.html\" target=\"_blank\" rel=\"noopener\">NN 127\/19<\/a><\/li>\n<li>Zakon o sustavu dr\u017eavne uprave &#8211;\u00a0<a class=\"outlink\" href=\"https:\/\/narodne-novine.nn.hr\/clanci\/sluzbeni\/2019_07_66_1290.html\" target=\"_blank\" rel=\"noopener\">NN 66\/19<\/a><\/li>\n<li>Zakon o javnoj nabavi &#8211; <a class=\"outlink\" href=\"https:\/\/narodne-novine.nn.hr\/clanci\/sluzbeni\/2016_12_120_2607.html\" target=\"_blank\" rel=\"noopener\">NN 120\/2016<\/a><\/li>\n<li>Zakon o ustrojstvu i djelokrugu tijela dr\u017eavne uprave &#8211;\u00a0<a class=\"outlink\" href=\"https:\/\/narodne-novine.nn.hr\/clanci\/sluzbeni\/2020_07_85_1593.html\">NN 85\/2020<\/a><\/li>\n<li>Zakon o izmjenama i dopunama zakona o ustrojstvu i djelokrugu tijela dr\u017eavne uprave &#8211;\u00a0<a class=\"outlink\" href=\"https:\/\/narodne-novine.nn.hr\/clanci\/sluzbeni\/2024_05_57_982.html\">NN 57\/2024<\/a><\/li>\n<li>Kolektivni ugovor za dr\u017eavne slu\u017ebenike i namje\u0161tenike &#8211;\u00a0<a class=\"outlink\" href=\"https:\/\/narodne-novine.nn.hr\/clanci\/sluzbeni\/2022_05_56_799.html\">NN 56\/2022<\/a><\/li>\n<li>Dodatak I. Kolektivnom ugovoru za dr\u017eavne slu\u017ebenike i namje\u0161tenike &#8211;\u00a0<a class=\"outlink\" href=\"https:\/\/narodne-novine.nn.hr\/clanci\/sluzbeni\/2022_10_127_1932.html\">NN 127\/2022\u00a0<\/a><\/li>\n<li>Dodatak II. Kolektivnom ugovoru za dr\u017eavne slu\u017ebenike i namje\u0161tenike &#8211;\u00a0<a class=\"outlink\" href=\"https:\/\/narodne-novine.nn.hr\/clanci\/sluzbeni\/2023_05_58_993.html\">NN 58\/2023<\/a><\/li>\n<li>Dodatak III. Kolektivnom ugovoru za dr\u017eavne slu\u017ebenike i namje\u0161tenike\u00a0 &#8211;\u00a0<a class=\"outlink\" href=\"https:\/\/narodne-novine.nn.hr\/clanci\/sluzbeni\/2023_10_128_1779.html\">NN 128\/2023<\/a><\/li>\n<li>Izmjene i dopune Kolektivnog ugovora za dr\u017eavne slu\u017ebenike i namje\u0161tenike &#8211;\u00a0<a class=\"outlink\" href=\"https:\/\/narodne-novine.nn.hr\/clanci\/sluzbeni\/2024_03_29_459.html\">NN 29\/2024<\/a><\/li>\n<li>Zakon o dr\u017eavnim slu\u017ebenicima &#8211;\u00a0<a class=\"outlink\" href=\"https:\/\/narodne-novine.nn.hr\/clanci\/sluzbeni\/2023_12_155_2358.html\">NN 155\/2023<\/a><\/li>\n<li>Zakon o izmjenama i dopunama Zakona o dr\u017eavnim slu\u017ebenicima &#8211;\u00a0<a class=\"outlink\" href=\"https:\/\/narodne-novine.nn.hr\/clanci\/sluzbeni\/2024_07_85_1477.html\">NN 85\/2024<\/a><\/li>\n<\/ul>\n<\/blockquote>\n","protected":false},"excerpt":{"rendered":"<p>Zakon o vatrogastvu (NN 125\/19, 114\/22, 155\/23) na snazi od 01.01.2024. &gt;&gt; Zakon o za\u0161titi od po\u017eara (NN 92\/2010) na snazi od 01.10.2010. &gt;&gt; Zakon o \u0161umama &#8211;\u00a0NN 68\/18,\u00a0NN 115\/18,\u00a0NN 98\/19,\u00a0NN 32\/20 Zakon o sustavu civilne za\u0161tite &#8211;\u00a0NN 82\/15,\u00a0NN 118\/18,\u00a0NN 32\/20 Zakon o ubla\u017eavanju i uklanjanju posljedica prirodnih nepogoda &#8211;\u00a0NN 16\/19 Zakon o eksplozivnim tvarima [&hellip;]<\/p>\n","protected":false},"author":1,"featured_media":519,"parent":0,"menu_order":0,"comment_status":"closed","ping_status":"closed","template":"","meta":{"footnotes":""},"class_list":["post-120","page","type-page","status-publish","has-post-thumbnail","hentry"],"_links":{"self":[{"href":"https:\/\/vatrogasci-medjimurja.eu\/index.php?rest_route=\/wp\/v2\/pages\/120","targetHints":{"allow":["GET"]}}],"collection":[{"href":"https:\/\/vatrogasci-medjimurja.eu\/index.php?rest_route=\/wp\/v2\/pages"}],"about":[{"href":"https:\/\/vatrogasci-medjimurja.eu\/index.php?rest_route=\/wp\/v2\/types\/page"}],"author":[{"embeddable":true,"href":"https:\/\/vatrogasci-medjimurja.eu\/index.php?rest_route=\/wp\/v2\/users\/1"}],"replies":[{"embeddable":true,"href":"https:\/\/vatrogasci-medjimurja.eu\/index.php?rest_route=%2Fwp%2Fv2%2Fcomments&post=120"}],"version-history":[{"count":5,"href":"https:\/\/vatrogasci-medjimurja.eu\/index.php?rest_route=\/wp\/v2\/pages\/120\/revisions"}],"predecessor-version":[{"id":521,"href":"https:\/\/vatrogasci-medjimurja.eu\/index.php?rest_route=\/wp\/v2\/pages\/120\/revisions\/521"}],"wp:featuredmedia":[{"embeddable":true,"href":"https:\/\/vatrogasci-medjimurja.eu\/index.php?rest_route=\/wp\/v2\/media\/519"}],"wp:attachment":[{"href":"https:\/\/vatrogasci-medjimurja.eu\/index.php?rest_route=%2Fwp%2Fv2%2Fmedia&parent=120"}],"curies":[{"name":"wp","href":"https:\/\/api.w.org\/{rel}","templated":true}]}}